{"id":2045,"date":"2025-08-06T07:34:33","date_gmt":"2025-08-06T07:34:33","guid":{"rendered":"https:\/\/associacaograovasco.com\/?page_id=2045"},"modified":"2025-10-10T11:58:46","modified_gmt":"2025-10-10T11:58:46","slug":"lacos-intergeracionais","status":"publish","type":"page","link":"https:\/\/associacaograovasco.com\/index.php\/lacos-intergeracionais\/","title":{"rendered":"La\u00e7os Intergeracionais"},"content":{"rendered":"\t\t<div data-elementor-type=\"wp-page\" data-elementor-id=\"2045\" class=\"elementor elementor-2045\">\n\t\t\t\t<div class=\"elementor-element elementor-element-587c194 e-con-full e-flex e-con e-parent\" data-id=\"587c194\" data-element_type=\"container\" data-e-type=\"container\">\n\t\t\t\t<div class=\"elementor-element elementor-element-4246693 elementor-widget elementor-widget-image\" data-id=\"4246693\" data-element_type=\"widget\" data-e-type=\"widget\" data-widget_type=\"image.default\">\n\t\t\t\t<div class=\"elementor-widget-container\">\n\t\t\t\t\t\t\t\t\t\t\t\t\t\t\t<img fetchpriority=\"high\" decoding=\"async\" width=\"1024\" height=\"166\" src=\"https:\/\/associacaograovasco.com\/wp-content\/uploads\/2025\/10\/CENTRO2030_BarraCofinan_Ass_RGB_2600px-1024x166-1.png\" class=\"attachment-2048x2048 size-2048x2048 wp-image-2244\" alt=\"\" srcset=\"https:\/\/associacaograovasco.com\/wp-content\/uploads\/2025\/10\/CENTRO2030_BarraCofinan_Ass_RGB_2600px-1024x166-1.png 1024w, https:\/\/associacaograovasco.com\/wp-content\/uploads\/2025\/10\/CENTRO2030_BarraCofinan_Ass_RGB_2600px-1024x166-1-300x49.png 300w, https:\/\/associacaograovasco.com\/wp-content\/uploads\/2025\/10\/CENTRO2030_BarraCofinan_Ass_RGB_2600px-1024x166-1-768x125.png 768w\" sizes=\"(max-width: 1024px) 100vw, 1024px\" \/>\t\t\t\t\t\t\t\t\t\t\t\t\t\t\t<\/div>\n\t\t\t\t<\/div>\n\t\t\t\t<\/div>\n\t\t<div class=\"elementor-element elementor-element-4dbc51b e-flex e-con-boxed e-con e-parent\" data-id=\"4dbc51b\" data-element_type=\"container\" data-e-type=\"container\">\n\t\t\t\t\t<div class=\"e-con-inner\">\n\t\t<div class=\"elementor-element elementor-element-87e40ff e-con-full e-flex e-con e-child\" data-id=\"87e40ff\" data-element_type=\"container\" data-e-type=\"container\">\n\t\t<div class=\"elementor-element elementor-element-da01103 e-grid e-con-full e-con e-child\" data-id=\"da01103\" data-element_type=\"container\" data-e-type=\"container\">\n\t\t\t\t<div class=\"elementor-element elementor-element-095de8b elementor-widget elementor-widget-heading\" data-id=\"095de8b\" data-element_type=\"widget\" data-e-type=\"widget\" data-widget_type=\"heading.default\">\n\t\t\t\t<div class=\"elementor-widget-container\">\n\t\t\t\t\t<h2 class=\"elementor-heading-title elementor-size-default\">Projeto La\u00e7os Intergeracionais <\/h2>\t\t\t\t<\/div>\n\t\t\t\t<\/div>\n\t\t\t\t<div class=\"elementor-element elementor-element-aa7fe2c elementor-widget elementor-widget-text-editor\" data-id=\"aa7fe2c\" data-element_type=\"widget\" data-e-type=\"widget\" data-widget_type=\"text-editor.default\">\n\t\t\t\t<div class=\"elementor-widget-container\">\n\t\t\t\t\t\t\t\t\t<h5><strong>Programa de Envelhecimento Ativo e Saud\u00e1vel<\/strong><\/h5>\t\t\t\t\t\t\t\t<\/div>\n\t\t\t\t<\/div>\n\t\t\t\t<\/div>\n\t\t\t\t<\/div>\n\t\t<div class=\"elementor-element elementor-element-badecd3 e-con-full e-flex e-con e-child\" data-id=\"badecd3\" data-element_type=\"container\" data-e-type=\"container\">\n\t\t\t\t<div class=\"elementor-element elementor-element-515b908 elementor-widget elementor-widget-text-editor\" data-id=\"515b908\" data-element_type=\"widget\" data-e-type=\"widget\" data-widget_type=\"text-editor.default\">\n\t\t\t\t<div class=\"elementor-widget-container\">\n\t\t\t\t\t\t\t\t\t<h6>Entre novembro de 2024 e agosto de 2026, o projeto La\u00e7os Intergeracionais promove a intera\u00e7\u00e3o entre as crian\u00e7as da Escola B\u00e1sica de S\u00e3o Salvador (3 a 10 anos) e os idosos do Centro Social da Par\u00f3quia de S\u00e3o Salvador e da ERPI da Confraria de Santa Eul\u00e1lia em situa\u00e7\u00e3o de isolamento social. As atividades, integradas no curr\u00edculo escolar, abrangem literatura, m\u00fasica, dan\u00e7a, artes pl\u00e1sticas, agricultura biol\u00f3gica e sustentabilidade ambiental, cer\u00e2mica\/olaria e pastelaria\/culin\u00e1ria tradicionais.<br \/><br \/>O projeto visa desenvolver compet\u00eancias interpessoais, cognitivas e socioemocionais das crian\u00e7as e promover o envelhecimento ativo e saud\u00e1vel dos idosos. Valores como empatia, respeito, solidariedade e responsabilidade s\u00e3o refor\u00e7ados ao longo das atividades, fortalecendo os la\u00e7os entre gera\u00e7\u00f5es e criando experi\u00eancias enriquecedoras para todos os participantes. Espera-se que 60% dos benefici\u00e1rios diretos aumentem as suas compet\u00eancias f\u00edsicas, cognitivas e socioemocionais, garantindo um impacto significativo na vida dos idosos envolvidos.<\/h6>\t\t\t\t\t\t\t\t<\/div>\n\t\t\t\t<\/div>\n\t\t\t\t<\/div>\n\t\t\t\t\t<\/div>\n\t\t\t\t<\/div>\n\t\t<div class=\"elementor-element elementor-element-e3d47f7 e-flex e-con-boxed e-con e-parent\" data-id=\"e3d47f7\" data-element_type=\"container\" data-e-type=\"container\">\n\t\t\t\t\t<div class=\"e-con-inner\">\n\t\t\t\t<div class=\"elementor-element elementor-element-d9b9af4 elementor-widget__width-initial elementor-widget-tablet__width-initial elementor-widget-mobile__width-initial elementor-widget elementor-widget-image\" data-id=\"d9b9af4\" data-element_type=\"widget\" data-e-type=\"widget\" data-widget_type=\"image.default\">\n\t\t\t\t<div class=\"elementor-widget-container\">\n\t\t\t\t\t\t\t\t\t\t\t\t\t\t\t<img decoding=\"async\" width=\"724\" height=\"1024\" src=\"https:\/\/associacaograovasco.com\/wp-content\/uploads\/2025\/09\/Versao-Final_-Ficha-de-Operacao-1-724x1024.jpg\" class=\"attachment-large size-large wp-image-2134\" alt=\"\" srcset=\"https:\/\/associacaograovasco.com\/wp-content\/uploads\/2025\/09\/Versao-Final_-Ficha-de-Operacao-1-724x1024.jpg 724w, https:\/\/associacaograovasco.com\/wp-content\/uploads\/2025\/09\/Versao-Final_-Ficha-de-Operacao-1-212x300.jpg 212w, https:\/\/associacaograovasco.com\/wp-content\/uploads\/2025\/09\/Versao-Final_-Ficha-de-Operacao-1-768x1086.jpg 768w, https:\/\/associacaograovasco.com\/wp-content\/uploads\/2025\/09\/Versao-Final_-Ficha-de-Operacao-1-1086x1536.jpg 1086w, https:\/\/associacaograovasco.com\/wp-content\/uploads\/2025\/09\/Versao-Final_-Ficha-de-Operacao-1-1448x2048.jpg 1448w, https:\/\/associacaograovasco.com\/wp-content\/uploads\/2025\/09\/Versao-Final_-Ficha-de-Operacao-1-scaled.jpg 1811w\" sizes=\"(max-width: 724px) 100vw, 724px\" \/>\t\t\t\t\t\t\t\t\t\t\t\t\t\t\t<\/div>\n\t\t\t\t<\/div>\n\t\t\t\t\t<\/div>\n\t\t\t\t<\/div>\n\t\t\t\t<\/div>\n\t\t","protected":false},"excerpt":{"rendered":"<p>Projeto La\u00e7os Intergeracionais Programa de Envelhecimento Ativo e Saud\u00e1vel Entre novembro de 2024 e agosto de 2026, o projeto La\u00e7os Intergeracionais promove a intera\u00e7\u00e3o entre as crian\u00e7as da Escola B\u00e1sica de S\u00e3o Salvador (3 a 10 anos) e os idosos do Centro Social da Par\u00f3quia de S\u00e3o Salvador e da ERPI da Confraria de Santa [&hellip;]<\/p>\n","protected":false},"author":1,"featured_media":0,"parent":0,"menu_order":0,"comment_status":"closed","ping_status":"closed","template":"","meta":{"_uag_custom_page_level_css":"","_monsterinsights_skip_tracking":false,"_monsterinsights_sitenote_active":false,"_monsterinsights_sitenote_note":"","_monsterinsights_sitenote_category":0,"footnotes":""},"class_list":["post-2045","page","type-page","status-publish","hentry"],"yoast_head":"<!-- This site is optimized with the Yoast SEO plugin v25.5 - https:\/\/yoast.com\/wordpress\/plugins\/seo\/ -->\n<title>La\u00e7os Intergeracionais -<\/title>\n<meta name=\"description\" content=\"La\u00e7os Intergeracionais - Programa de Envelhecimento Ativo e Saud\u00e1vel\" \/>\n<meta name=\"robots\" content=\"index, follow, max-snippet:-1, max-image-preview:large, max-video-preview:-1\" \/>\n<link rel=\"canonical\" href=\"https:\/\/associacaograovasco.com\/index.php\/lacos-intergeracionais\/\" \/>\n<meta property=\"og:locale\" content=\"pt_PT\" \/>\n<meta property=\"og:type\" content=\"article\" \/>\n<meta property=\"og:title\" content=\"La\u00e7os Intergeracionais -\" \/>\n<meta property=\"og:description\" content=\"La\u00e7os Intergeracionais - Programa de Envelhecimento Ativo e Saud\u00e1vel\" \/>\n<meta property=\"og:url\" content=\"https:\/\/associacaograovasco.com\/index.php\/lacos-intergeracionais\/\" \/>\n<meta property=\"article:modified_time\" content=\"2025-10-10T11:58:46+00:00\" \/>\n<meta property=\"og:image\" content=\"https:\/\/associacaograovasco.com\/wp-content\/uploads\/2025\/10\/CENTRO2030_BarraCofinan_Ass_RGB_2600px-1024x166-1.png\" \/>\n\t<meta property=\"og:image:width\" content=\"1024\" \/>\n\t<meta property=\"og:image:height\" content=\"166\" \/>\n\t<meta property=\"og:image:type\" content=\"image\/png\" \/>\n<meta name=\"twitter:card\" content=\"summary_large_image\" \/>\n<meta name=\"twitter:label1\" content=\"Tempo estimado de leitura\" \/>\n\t<meta name=\"twitter:data1\" content=\"2 minutos\" \/>\n<script type=\"application\/ld+json\" class=\"yoast-schema-graph\">{\"@context\":\"https:\/\/schema.org\",\"@graph\":[{\"@type\":\"WebPage\",\"@id\":\"https:\/\/associacaograovasco.com\/index.php\/lacos-intergeracionais\/\",\"url\":\"https:\/\/associacaograovasco.com\/index.php\/lacos-intergeracionais\/\",\"name\":\"La\u00e7os Intergeracionais -\",\"isPartOf\":{\"@id\":\"https:\/\/associacaograovasco.com\/#website\"},\"primaryImageOfPage\":{\"@id\":\"https:\/\/associacaograovasco.com\/index.php\/lacos-intergeracionais\/#primaryimage\"},\"image\":{\"@id\":\"https:\/\/associacaograovasco.com\/index.php\/lacos-intergeracionais\/#primaryimage\"},\"thumbnailUrl\":\"https:\/\/associacaograovasco.com\/wp-content\/uploads\/2025\/10\/CENTRO2030_BarraCofinan_Ass_RGB_2600px-1024x166-1.png\",\"datePublished\":\"2025-08-06T07:34:33+00:00\",\"dateModified\":\"2025-10-10T11:58:46+00:00\",\"description\":\"La\u00e7os Intergeracionais - Programa de Envelhecimento Ativo e Saud\u00e1vel\",\"breadcrumb\":{\"@id\":\"https:\/\/associacaograovasco.com\/index.php\/lacos-intergeracionais\/#breadcrumb\"},\"inLanguage\":\"pt-PT\",\"potentialAction\":[{\"@type\":\"ReadAction\",\"target\":[\"https:\/\/associacaograovasco.com\/index.php\/lacos-intergeracionais\/\"]}]},{\"@type\":\"ImageObject\",\"inLanguage\":\"pt-PT\",\"@id\":\"https:\/\/associacaograovasco.com\/index.php\/lacos-intergeracionais\/#primaryimage\",\"url\":\"https:\/\/associacaograovasco.com\/wp-content\/uploads\/2025\/10\/CENTRO2030_BarraCofinan_Ass_RGB_2600px-1024x166-1.png\",\"contentUrl\":\"https:\/\/associacaograovasco.com\/wp-content\/uploads\/2025\/10\/CENTRO2030_BarraCofinan_Ass_RGB_2600px-1024x166-1.png\",\"width\":1024,\"height\":166},{\"@type\":\"BreadcrumbList\",\"@id\":\"https:\/\/associacaograovasco.com\/index.php\/lacos-intergeracionais\/#breadcrumb\",\"itemListElement\":[{\"@type\":\"ListItem\",\"position\":1,\"name\":\"In\u00edcio\",\"item\":\"https:\/\/associacaograovasco.com\/\"},{\"@type\":\"ListItem\",\"position\":2,\"name\":\"La\u00e7os Intergeracionais\"}]},{\"@type\":\"WebSite\",\"@id\":\"https:\/\/associacaograovasco.com\/#website\",\"url\":\"https:\/\/associacaograovasco.com\/\",\"name\":\"\",\"description\":\"\",\"potentialAction\":[{\"@type\":\"SearchAction\",\"target\":{\"@type\":\"EntryPoint\",\"urlTemplate\":\"https:\/\/associacaograovasco.com\/?s={search_term_string}\"},\"query-input\":{\"@type\":\"PropertyValueSpecification\",\"valueRequired\":true,\"valueName\":\"search_term_string\"}}],\"inLanguage\":\"pt-PT\"}]}<\/script>\n<!-- \/ Yoast SEO plugin. -->","yoast_head_json":{"title":"La\u00e7os Intergeracionais -","description":"La\u00e7os Intergeracionais - Programa de Envelhecimento Ativo e Saud\u00e1vel","robots":{"index":"index","follow":"follow","max-snippet":"max-snippet:-1","max-image-preview":"max-image-preview:large","max-video-preview":"max-video-preview:-1"},"canonical":"https:\/\/associacaograovasco.com\/index.php\/lacos-intergeracionais\/","og_locale":"pt_PT","og_type":"article","og_title":"La\u00e7os Intergeracionais -","og_description":"La\u00e7os Intergeracionais - Programa de Envelhecimento Ativo e Saud\u00e1vel","og_url":"https:\/\/associacaograovasco.com\/index.php\/lacos-intergeracionais\/","article_modified_time":"2025-10-10T11:58:46+00:00","og_image":[{"width":1024,"height":166,"url":"https:\/\/associacaograovasco.com\/wp-content\/uploads\/2025\/10\/CENTRO2030_BarraCofinan_Ass_RGB_2600px-1024x166-1.png","type":"image\/png"}],"twitter_card":"summary_large_image","twitter_misc":{"Tempo estimado de leitura":"2 minutos"},"schema":{"@context":"https:\/\/schema.org","@graph":[{"@type":"WebPage","@id":"https:\/\/associacaograovasco.com\/index.php\/lacos-intergeracionais\/","url":"https:\/\/associacaograovasco.com\/index.php\/lacos-intergeracionais\/","name":"La\u00e7os Intergeracionais -","isPartOf":{"@id":"https:\/\/associacaograovasco.com\/#website"},"primaryImageOfPage":{"@id":"https:\/\/associacaograovasco.com\/index.php\/lacos-intergeracionais\/#primaryimage"},"image":{"@id":"https:\/\/associacaograovasco.com\/index.php\/lacos-intergeracionais\/#primaryimage"},"thumbnailUrl":"https:\/\/associacaograovasco.com\/wp-content\/uploads\/2025\/10\/CENTRO2030_BarraCofinan_Ass_RGB_2600px-1024x166-1.png","datePublished":"2025-08-06T07:34:33+00:00","dateModified":"2025-10-10T11:58:46+00:00","description":"La\u00e7os Intergeracionais - Programa de Envelhecimento Ativo e Saud\u00e1vel","breadcrumb":{"@id":"https:\/\/associacaograovasco.com\/index.php\/lacos-intergeracionais\/#breadcrumb"},"inLanguage":"pt-PT","potentialAction":[{"@type":"ReadAction","target":["https:\/\/associacaograovasco.com\/index.php\/lacos-intergeracionais\/"]}]},{"@type":"ImageObject","inLanguage":"pt-PT","@id":"https:\/\/associacaograovasco.com\/index.php\/lacos-intergeracionais\/#primaryimage","url":"https:\/\/associacaograovasco.com\/wp-content\/uploads\/2025\/10\/CENTRO2030_BarraCofinan_Ass_RGB_2600px-1024x166-1.png","contentUrl":"https:\/\/associacaograovasco.com\/wp-content\/uploads\/2025\/10\/CENTRO2030_BarraCofinan_Ass_RGB_2600px-1024x166-1.png","width":1024,"height":166},{"@type":"BreadcrumbList","@id":"https:\/\/associacaograovasco.com\/index.php\/lacos-intergeracionais\/#breadcrumb","itemListElement":[{"@type":"ListItem","position":1,"name":"In\u00edcio","item":"https:\/\/associacaograovasco.com\/"},{"@type":"ListItem","position":2,"name":"La\u00e7os Intergeracionais"}]},{"@type":"WebSite","@id":"https:\/\/associacaograovasco.com\/#website","url":"https:\/\/associacaograovasco.com\/","name":"","description":"","potentialAction":[{"@type":"SearchAction","target":{"@type":"EntryPoint","urlTemplate":"https:\/\/associacaograovasco.com\/?s={search_term_string}"},"query-input":{"@type":"PropertyValueSpecification","valueRequired":true,"valueName":"search_term_string"}}],"inLanguage":"pt-PT"}]}},"uagb_featured_image_src":{"full":false,"thumbnail":false,"medium":false,"medium_large":false,"large":false,"1536x1536":false,"2048x2048":false},"uagb_author_info":{"display_name":"associacao.graovasco@gmail.com","author_link":"https:\/\/associacaograovasco.com\/index.php\/author\/associacao-graovascogmail-com\/"},"uagb_comment_info":0,"uagb_excerpt":"Projeto La\u00e7os Intergeracionais Programa de Envelhecimento Ativo e Saud\u00e1vel Entre novembro de 2024 e agosto de 2026, o projeto La\u00e7os Intergeracionais promove a intera\u00e7\u00e3o entre as crian\u00e7as da Escola B\u00e1sica de S\u00e3o Salvador (3 a 10 anos) e os idosos do Centro Social da Par\u00f3quia de S\u00e3o Salvador e da ERPI da Confraria de Santa&hellip;","_links":{"self":[{"href":"https:\/\/associacaograovasco.com\/index.php\/wp-json\/wp\/v2\/pages\/2045","targetHints":{"allow":["GET"]}}],"collection":[{"href":"https:\/\/associacaograovasco.com\/index.php\/wp-json\/wp\/v2\/pages"}],"about":[{"href":"https:\/\/associacaograovasco.com\/index.php\/wp-json\/wp\/v2\/types\/page"}],"author":[{"embeddable":true,"href":"https:\/\/associacaograovasco.com\/index.php\/wp-json\/wp\/v2\/users\/1"}],"replies":[{"embeddable":true,"href":"https:\/\/associacaograovasco.com\/index.php\/wp-json\/wp\/v2\/comments?post=2045"}],"version-history":[{"count":30,"href":"https:\/\/associacaograovasco.com\/index.php\/wp-json\/wp\/v2\/pages\/2045\/revisions"}],"predecessor-version":[{"id":2250,"href":"https:\/\/associacaograovasco.com\/index.php\/wp-json\/wp\/v2\/pages\/2045\/revisions\/2250"}],"wp:attachment":[{"href":"https:\/\/associacaograovasco.com\/index.php\/wp-json\/wp\/v2\/media?parent=2045"}],"curies":[{"name":"wp","href":"https:\/\/api.w.org\/{rel}","templated":true}]}}